{"id":36190,"date":"2026-05-11T19:06:24","date_gmt":"2026-05-11T17:06:24","guid":{"rendered":"https:\/\/berneworldcup.ch\/medias\/accreditation-des-medias\/"},"modified":"2026-05-11T22:20:06","modified_gmt":"2026-05-11T20:20:06","slug":"accreditation-des-medias","status":"publish","type":"page","link":"https:\/\/berneworldcup.ch\/fr\/medias\/accreditation-des-medias\/","title":{"rendered":"Accr\u00e9ditation des m\u00e9dias"},"content":{"rendered":"\n<h2 class=\"wp-block-heading\">Accr\u00e9ditation des m\u00e9dias<\/h2>\n\n\n\n<h4 class=\"wp-block-heading\">Berne World Cup 2026 &#8211; Coupe du monde d&rsquo;escrime \u00e0 l&rsquo;\u00e9p\u00e9e<\/h4>\n\n\n\n<div class=\"wp-block-columns is-layout-flex wp-container-core-columns-is-layout-d0b3c9c8 wp-block-columns-is-layout-flex\">\n<div class=\"wp-block-column is-layout-flow wp-block-column-is-layout-flow\">\n<p>Des places pour les m\u00e9dias sont disponibles dans les tribunes ainsi que des acc\u00e8s \u00e0 la zone mixte. Les accr\u00e9ditations sur le terrain sont extr\u00eamement limit\u00e9es. Les accr\u00e9ditations m\u00e9dias peuvent \u00eatre demand\u00e9es \u00e0 l&rsquo;aide du formulaire ci-dessous.  <\/p>\n\n\n\n<p><strong>Date limite d&rsquo;inscription<\/strong>: 19 mai 2026<\/p>\n\n\n\n<p><\/p>\n\n\n<div class=\"frm_forms  with_frm_style frm_style_classic-clean\" id=\"frm_form_7_container\" data-token=\"9672a0da7ed8692d74deb0e2b9a413f4\">\n<form enctype=\"multipart\/form-data\" method=\"post\" class=\"frm-show-form  frm_js_validate  frm_ajax_submit  frm_pro_form \" id=\"form_keexr32\" data-token=\"9672a0da7ed8692d74deb0e2b9a413f4\">\n<div class=\"frm_form_fields \">\n<fieldset>\n<legend class=\"frm_screen_reader\">Akkreditierungsanfrage Berne World Cup 2026 FR<\/legend>\r\n\r\n<div class=\"frm_fields_container\">\n<input type=\"hidden\" name=\"frm_action\" value=\"create\" \/>\n<input type=\"hidden\" name=\"form_id\" value=\"7\" \/>\n<input type=\"hidden\" name=\"frm_hide_fields_7\" id=\"frm_hide_fields_7\" value=\"\" \/>\n<input type=\"hidden\" name=\"form_key\" value=\"keexr32\" \/>\n<input type=\"hidden\" name=\"item_meta[0]\" value=\"\" \/>\n<input type=\"hidden\" id=\"frm_submit_entry_7\" name=\"frm_submit_entry_7\" value=\"2ad10ad58a\" \/><input type=\"hidden\" name=\"_wp_http_referer\" value=\"\/fr\/wp-json\/wp\/v2\/pages\/36190\" \/><div id=\"frm_field_105_container\" class=\"frm_form_field form-field  frm_required_field frm_top_container frm12 frm_first\">\r\n\t<label for=\"field_hb6b142\" id=\"field_hb6b142_label\" class=\"frm_primary_label\">M\u00e9dia\r\n\t\t<span class=\"frm_required\" aria-hidden=\"true\">*<\/span>\r\n\t<\/label>\r\n\t<input  type=\"text\" id=\"field_hb6b142\" name=\"item_meta[105]\" value=\"\"  placeholder=\"M\u00e9dia\" data-reqmsg=\"M\u00e9dia cannot be blank.\" aria-required=\"true\" data-invmsg=\"M\u00e9dia is invalid\" aria-invalid=\"false\"   \/>\r\n\t\r\n\t\r\n<\/div>\n<div id=\"frm_field_106_container\" class=\"frm_form_field form-field  frm_required_field frm_top_container frm12 frm_first vertical_radio\">\r\n\t<div  id=\"field_mrji92_label\" class=\"frm_primary_label\">Salutation\r\n\t\t<span class=\"frm_required\" aria-hidden=\"true\">*<\/span>\r\n\t<\/div>\r\n\t<div class=\"frm_opt_container\" aria-labelledby=\"field_mrji92_label\" role=\"radiogroup\" aria-required=\"true\">\t\t<div class=\"frm_radio\" id=\"frm_radio_106-0\">\t\t\t<label  for=\"field_mrji92-0\">\n\t\t\t\t\t<input type=\"radio\" name=\"item_meta[106]\" id=\"field_mrji92-0\" value=\"Monsieur\"\n\t\t data-reqmsg=\"Salutation cannot be blank.\" data-invmsg=\"Salutation is invalid\"   \/> Monsieur<\/label><\/div>\n\t\t<div class=\"frm_radio\" id=\"frm_radio_106-1\">\t\t\t<label  for=\"field_mrji92-1\">\n\t\t\t\t\t<input type=\"radio\" name=\"item_meta[106]\" id=\"field_mrji92-1\" value=\"Madame\"\n\t\t data-reqmsg=\"Salutation cannot be blank.\" data-invmsg=\"Salutation is invalid\"   \/> Madame<\/label><\/div>\n<\/div>\r\n\t\r\n\t\r\n<\/div>\n<div id=\"frm_field_107_container\" class=\"frm_form_field form-field  frm_required_field frm_top_container frm12 frm_first\">\r\n\t<div  id=\"field_lek2142_label\" class=\"frm_primary_label\">Nom\r\n\t\t<span class=\"frm_required\" aria-hidden=\"true\">*<\/span>\r\n\t<\/div>\r\n\t<fieldset aria-labelledby=\"field_lek2142_label\">\n\t<legend class=\"frm_screen_reader frm_hidden\">\n\t\tNom\t<\/legend>\n\n\t<div  class=\"frm_combo_inputs_container\" id=\"frm_combo_inputs_container_107\" data-name-layout=\"last_first\">\n\t\t\t\t\t<div\n\t\t\t\tid=\"frm_field_107-last_container\"\n\t\t\t\tclass=\"frm_form_field form-field frm_form_subfield-last  frm6\"\n\t\t\t\tdata-sub-field-name=\"last\"\n\t\t\t>\n\t\t\t\t<label for=\"field_lek2142_last\" class=\"frm_screen_reader frm_hidden\">\n\t\t\t\t\tNom\t\t\t\t<\/label>\n\n\t\t\t\t<input  type=\"text\" id=\"field_lek2142_last\" value=\"\" name=\"item_meta[107][last]\" autocomplete=\"family-name\" placeholder=\"Nom\" data-reqmsg=\"Nom cannot be blank.\" aria-required=\"true\" data-invmsg=\"Nom est non valide\" aria-invalid=\"false\"  \/>\t\t\t<\/div>\n\t\t\t\t\t\t<div\n\t\t\t\tid=\"frm_field_107-first_container\"\n\t\t\t\tclass=\"frm_form_field form-field frm_form_subfield-first  frm6\"\n\t\t\t\tdata-sub-field-name=\"first\"\n\t\t\t>\n\t\t\t\t<label for=\"field_lek2142_first\" class=\"frm_screen_reader frm_hidden\">\n\t\t\t\t\tNom\t\t\t\t<\/label>\n\n\t\t\t\t<input  type=\"text\" id=\"field_lek2142_first\" value=\"\" name=\"item_meta[107][first]\" autocomplete=\"given-name\" placeholder=\"Pr\u00e9nom\" data-reqmsg=\"Nom cannot be blank.\" aria-required=\"true\" data-invmsg=\"Nom est non valide\" aria-invalid=\"false\"  \/>\t\t\t<\/div>\n\t\t\t\t<\/div>\n<\/fieldset>\n\r\n\t\r\n\t\r\n<\/div>\n<div id=\"frm_field_108_container\" class=\"frm_form_field form-field  frm_required_field frm_top_container\">\r\n\t<label for=\"field_cv0te42\" id=\"field_cv0te42_label\" class=\"frm_primary_label\">Adresse\r\n\t\t<span class=\"frm_required\" aria-hidden=\"true\">*<\/span>\r\n\t<\/label>\r\n\t<input  type=\"text\" id=\"field_cv0te42\" name=\"item_meta[108]\" value=\"\"  placeholder=\"Adresse\" data-reqmsg=\"Adresse cannot be blank.\" aria-required=\"true\" data-invmsg=\"Adresse is invalid\" aria-invalid=\"false\"   \/>\r\n\t\r\n\t\r\n<\/div>\n<div id=\"frm_field_109_container\" class=\"frm_form_field form-field  frm_required_field frm_top_container frm_first frm_sixth\">\r\n\t<label for=\"field_97834a42\" id=\"field_97834a42_label\" class=\"frm_primary_label\">NPA\r\n\t\t<span class=\"frm_required\" aria-hidden=\"true\">*<\/span>\r\n\t<\/label>\r\n\t<input type=\"number\" id=\"field_97834a42\" name=\"item_meta[109]\" value=\"\" placeholder=\"NPA\" data-reqmsg=\"NPA cannot be blank.\" aria-required=\"true\" data-invmsg=\"NPA is invalid\" aria-invalid=\"false\"   min=\"1000\" max=\"99999\" step=\"any\" \/>\r\n\t\r\n\t\r\n<\/div>\n<div id=\"frm_field_110_container\" class=\"frm_form_field form-field  frm_required_field frm_top_container frm10\">\r\n\t<label for=\"field_8dwdu42\" id=\"field_8dwdu42_label\" class=\"frm_primary_label\">Lieu\r\n\t\t<span class=\"frm_required\" aria-hidden=\"true\">*<\/span>\r\n\t<\/label>\r\n\t<input  type=\"text\" id=\"field_8dwdu42\" name=\"item_meta[110]\" value=\"\"  placeholder=\"Lieu\" data-reqmsg=\"Lieu cannot be blank.\" aria-required=\"true\" data-invmsg=\"Lieu is invalid\" aria-invalid=\"false\"   \/>\r\n\t\r\n\t\r\n<\/div>\n<div id=\"frm_field_111_container\" class=\"frm_form_field form-field  frm_required_field frm_top_container frm12 frm_first\">\r\n\t<label for=\"field_sn37l42\" id=\"field_sn37l42_label\" class=\"frm_primary_label\">E-mail\r\n\t\t<span class=\"frm_required\" aria-hidden=\"true\">*<\/span>\r\n\t<\/label>\r\n\t<input type=\"email\" id=\"field_sn37l42\" name=\"item_meta[111]\" value=\"\"  placeholder=\"E-mail\" data-reqmsg=\"E-mail cannot be blank.\" aria-required=\"true\" data-invmsg=\"Bitte g\u00fcltige E-Mailadresse eingeben.\" aria-invalid=\"false\"  \/>\r\n\t\r\n\t\r\n<\/div>\n<div id=\"frm_field_112_container\" class=\"frm_form_field form-field  frm_top_container\">\r\n\t<label for=\"field_k8l9e2\" id=\"field_k8l9e2_label\" class=\"frm_primary_label\">E-mail de la r\u00e9daction\r\n\t\t<span class=\"frm_required\" aria-hidden=\"true\"><\/span>\r\n\t<\/label>\r\n\t<input type=\"email\" id=\"field_k8l9e2\" name=\"item_meta[112]\" value=\"\"  placeholder=\"E-mail de la r\u00e9daction\" data-invmsg=\"Bitte g\u00fcltige E-Mailadresse eingeben.\" aria-invalid=\"false\"  \/>\r\n\t\r\n\t\r\n<\/div>\n<div id=\"frm_field_113_container\" class=\"frm_form_field form-field  frm_required_field frm_top_container\">\r\n\t<label for=\"field_k8nr12\" id=\"field_k8nr12_label\" class=\"frm_primary_label\">T\u00e9l\u00e9phone \/ Portable\r\n\t\t<span class=\"frm_required\" aria-hidden=\"true\">*<\/span>\r\n\t<\/label>\r\n\t<input type=\"tel\" id=\"field_k8nr12\" name=\"item_meta[113]\" value=\"\"  placeholder=\"T\u00e9l\u00e9phone \/ Portable\" data-reqmsg=\"T\u00e9l\u00e9phone \/ Portable cannot be blank.\" aria-required=\"true\" data-invmsg=\"T\u00e9l\u00e9phone \/ Portable is invalid\" aria-invalid=\"false\" pattern=\"((\\+\\d{1,3}(-|.| )?\\(?\\d\\)?(-| |.)?\\d{1,5})|(\\(?\\d{2,6}\\)?))(-|.| )?(\\d{3,4})(-|.| )?(\\d{4})(( x| ext)\\d{1,5}){0,1}$\"  \/>\r\n\t\r\n\t\r\n<\/div>\n<div id=\"frm_field_114_container\" class=\"frm_form_field form-field  frm_required_field frm_top_container vertical_radio\">\r\n\t<div  id=\"field_j9hg92_label\" class=\"frm_primary_label\">Fonction\r\n\t\t<span class=\"frm_required\" aria-hidden=\"true\">*<\/span>\r\n\t<\/div>\r\n\t<div class=\"frm_opt_container\" aria-labelledby=\"field_j9hg92_label\" role=\"radiogroup\" aria-required=\"true\">\t\t<div class=\"frm_radio\" id=\"frm_radio_114-0\">\t\t\t<label  for=\"field_j9hg92-0\">\n\t\t\t\t\t<input type=\"radio\" name=\"item_meta[114]\" id=\"field_j9hg92-0\" value=\"Photographe d&#039;agence\"\n\t\t data-reqmsg=\"Fonction cannot be blank.\" data-invmsg=\"Fonction is invalid\"   \/> Photographe d&rsquo;agence<\/label><\/div>\n\t\t<div class=\"frm_radio\" id=\"frm_radio_114-1\">\t\t\t<label  for=\"field_j9hg92-1\">\n\t\t\t\t\t<input type=\"radio\" name=\"item_meta[114]\" id=\"field_j9hg92-1\" value=\"Op\u00e9rateur\/op\u00e9ratrice cam\u00e9ra\"\n\t\t data-reqmsg=\"Fonction cannot be blank.\" data-invmsg=\"Fonction is invalid\"   \/> Op\u00e9rateur\/op\u00e9ratrice cam\u00e9ra<\/label><\/div>\n\t\t<div class=\"frm_radio\" id=\"frm_radio_114-4\">\t\t\t<label  for=\"field_j9hg92-4\">\n\t\t\t\t\t<input type=\"radio\" name=\"item_meta[114]\" id=\"field_j9hg92-4\" value=\"Journaliste\"\n\t\t data-reqmsg=\"Fonction cannot be blank.\" data-invmsg=\"Fonction is invalid\"   \/> Journaliste<\/label><\/div>\n\t\t<div class=\"frm_radio\" id=\"frm_radio_114-3\">\t\t\t<label  for=\"field_j9hg92-3\">\n\t\t\t\t\t<input type=\"radio\" name=\"item_meta[114]\" id=\"field_j9hg92-3\" value=\"Commentateur\/commentatrice radio\"\n\t\t data-reqmsg=\"Fonction cannot be blank.\" data-invmsg=\"Fonction is invalid\"   \/> Commentateur\/commentatrice radio<\/label><\/div>\n\t\t<div class=\"frm_radio\" id=\"frm_radio_114-2\">\t\t\t<label  for=\"field_j9hg92-2\">\n\t\t\t\t\t<input type=\"radio\" name=\"item_meta[114]\" id=\"field_j9hg92-2\" value=\"Commentateur\/commentatrice TV\"\n\t\t data-reqmsg=\"Fonction cannot be blank.\" data-invmsg=\"Fonction is invalid\"   \/> Commentateur\/commentatrice TV<\/label><\/div>\n<\/div>\r\n\t\r\n\t\r\n<\/div>\n<div id=\"frm_field_115_container\" class=\"frm_form_field form-field  frm_top_container\">\r\n\t<label for=\"field_muiou2\" id=\"field_muiou2_label\" class=\"frm_primary_label\">Remarques\r\n\t\t<span class=\"frm_required\" aria-hidden=\"true\"><\/span>\r\n\t<\/label>\r\n\t<textarea name=\"item_meta[115]\" id=\"field_muiou2\" rows=\"5\"  placeholder=\"Remarques\" data-invmsg=\"Remarques is invalid\" aria-invalid=\"false\"  ><\/textarea>\r\n\t\r\n\t\r\n<\/div>\n<div id=\"frm_field_116_container\" class=\"frm_form_field form-field  frm_none_container\">\r\n\t<label for=\"g-recaptcha-response\" id=\"field_bagef42_label\" class=\"frm_primary_label\">Captcha\r\n\t\t<span class=\"frm_required\" aria-hidden=\"true\"><\/span>\r\n\t<\/label>\r\n\t<div  id=\"field_bagef42\" class=\"frm-g-recaptcha\" data-sitekey=\"6LeJkYgsAAAAAIE1yc-XCKRecH41SHeG2Q6z1E4i\" data-size=\"invisible\" data-theme=\"light\"><\/div>\r\n\t\r\n\t\r\n<\/div>\n<div id=\"frm_field_117_container\" class=\"frm_form_field form-field \">\r\n\t<div class=\"frm_submit frm_flex\">\r\n<button class=\"frm_button_submit frm_final_submit\" type=\"submit\"   formnovalidate=\"formnovalidate\">Envoyer<\/button>\r\n\r\n\r\n\r\n<\/div>\r\n<\/div>\n\t<input type=\"hidden\" name=\"item_key\" value=\"\" \/>\n\t\t\t<div id=\"frm_field_144_container\">\n\t\t\t<label for=\"field_uc7x3\" >\n\t\t\t\tSi vous \u00eates un humain, ne remplissez pas ce champ.\t\t\t<\/label>\n\t\t\t<input  id=\"field_uc7x3\" type=\"text\" class=\"frm_form_field form-field frm_verify\" name=\"item_meta[144]\" value=\"\"  \/>\n\t\t<\/div>\n\t\t<input name=\"frm_state\" type=\"hidden\" value=\"10oojIvg8ZA7CAAvSvfdvVvBAbV9OjdvQv+MUYLaHMRPIAIkahlwwpn08PCQbnia\" \/><\/div>\n<\/fieldset>\n<\/div>\n\n<\/form>\n<\/div>\n<\/div>\n<\/div>\n","protected":false},"excerpt":{"rendered":"<p>Accr\u00e9ditation des m\u00e9dias Berne World Cup 2026 &#8211; Coupe du monde d&rsquo;escrime \u00e0 l&rsquo;\u00e9p\u00e9e Des places pour les m\u00e9dias sont disponibles dans les tribunes ainsi que des acc\u00e8s \u00e0 la zone mixte. Les accr\u00e9ditations sur le terrain sont extr\u00eamement limit\u00e9es. Les accr\u00e9ditations m\u00e9dias peuvent \u00eatre demand\u00e9es \u00e0 l&rsquo;aide du formulaire ci-dessous. Date limite d&rsquo;inscription: 19 [&hellip;]<\/p>\n","protected":false},"author":10,"featured_media":0,"parent":30492,"menu_order":0,"comment_status":"closed","ping_status":"closed","template":"","meta":{"footnotes":""},"class_list":["post-36190","page","type-page","status-publish","hentry"],"_links":{"self":[{"href":"https:\/\/berneworldcup.ch\/fr\/wp-json\/wp\/v2\/pages\/36190","targetHints":{"allow":["GET"]}}],"collection":[{"href":"https:\/\/berneworldcup.ch\/fr\/wp-json\/wp\/v2\/pages"}],"about":[{"href":"https:\/\/berneworldcup.ch\/fr\/wp-json\/wp\/v2\/types\/page"}],"author":[{"embeddable":true,"href":"https:\/\/berneworldcup.ch\/fr\/wp-json\/wp\/v2\/users\/10"}],"replies":[{"embeddable":true,"href":"https:\/\/berneworldcup.ch\/fr\/wp-json\/wp\/v2\/comments?post=36190"}],"version-history":[{"count":3,"href":"https:\/\/berneworldcup.ch\/fr\/wp-json\/wp\/v2\/pages\/36190\/revisions"}],"predecessor-version":[{"id":36193,"href":"https:\/\/berneworldcup.ch\/fr\/wp-json\/wp\/v2\/pages\/36190\/revisions\/36193"}],"up":[{"embeddable":true,"href":"https:\/\/berneworldcup.ch\/fr\/wp-json\/wp\/v2\/pages\/30492"}],"wp:attachment":[{"href":"https:\/\/berneworldcup.ch\/fr\/wp-json\/wp\/v2\/media?parent=36190"}],"curies":[{"name":"wp","href":"https:\/\/api.w.org\/{rel}","templated":true}]}}